{"id":1011,"date":"2012-08-08T13:49:07","date_gmt":"2012-08-08T18:49:07","guid":{"rendered":"http:\/\/nflconcussionlitigation.com\/?page_id=1011"},"modified":"2016-01-07T07:20:05","modified_gmt":"2016-01-07T13:20:05","slug":"scholarly-articles","status":"publish","type":"page","link":"https:\/\/nflconcussionlitigation.com\/?page_id=1011","title":{"rendered":"Scholarly Articles"},"content":{"rendered":"<p><em>This page will highlight the works of current and former law students who have published law review notes on concussion litigation. Please contact me if you are interested in publishing your piece.<\/em><\/p>\n<ul>\n<li><em><a href=\"http:\/\/nflconcussionlitigation.com\/wp-content\/uploads\/2012\/08\/NCAA-Institutions-and-a-Duty-to-Warn-copy1.pdf\">NCAA Institutions and a Duty to Warn Football Student-Athletes: A Look into the Arrington v. NCAA Case<\/a><\/em>\u00a0by Spencer Anderson<\/li>\n<\/ul>\n<p><strong>About the Author<\/strong>:\u00a0Spencer Anderson is a JD\/MBA candidate at the University of Iowa with an anticipated graduation date of May 2013. Spencer is pursuing a career in Basketball Operations and has had a number of intern experiences including: Iowa Athletic Department in Compliance Intern,\u00a0<a href=\"http:\/\/businessofcollegesports.com\/\">BusinessofCollegeSports.com<\/a>\u00a0Intern, Basketball Operations Intern with the Indiana Pacers, and Senior Sports Solutions Group Intern at STATS, LLC. He enjoys fantasy sports, playing basketball, traveling, and volunteering with Big Brothers Big Sisters and Junior Achievement. Spencer graduated with High Distinction in Finance and Economics from the University of Iowa.<\/p>\n<div><strong>Summary:\u00a0<\/strong>This paper explores whether NCAA institutions have a duty to warn student athletes about the potential long term effects of participation by exploring the issues presented in the Arrington v. NCAA case. Focusing on the dangers of concussions and providing an overview of current concussion research, a comparison of how the NFL and NCAA have responded to the long term health implications of post concussion syndrome (PCS) is discussed. Each legal issue from the Arrington case is analyzed along with possible defenses for the NCAA and its member institutions. Finally, the paper concludes with a recommendation of the probable outcome of the case and ways the NCAA can decrease the risks of long-term mental health complications for student athletes.<\/div>\n<div><\/div>\n<div>\n<ul>\n<li><a href=\"http:\/\/nflconcussionlitigation.com\/wp-content\/uploads\/2012\/08\/FOOTBALL_AND_TORTS_2013-copy.pdf\">Football and Torts: Two American Traditions and the NFL Concussion Litigation<\/a>\u00a0by Clark Belote<\/li>\n<\/ul>\n<\/div>\n<div><strong>About the Author:<\/strong>\u00a0Clark Belote is a J.D. candidate at T.C. Williams School of Law at the University of Richmond, graduating in May 2014.\u00a0 He graduated from the University of Virginia in 2011 with a B.A. in Environmental Thought &amp; Practice.\u00a0 He is a current member of the University of Richmond Law Review and University of Richmond Moot Court Board.\u00a0 After law school, he plans to pursue a career practicing in civil litigation in the Tidewater region of Virginia.\u00a0 He also enjoys surfing, snowboarding, and golf.<\/div>\n<div><\/div>\n<div><strong>Summary:\u00a0<\/strong>\u00a0On January 31, 2012, the Judicial Panel on Multidistrict Litigation issued an order consolidating several lawsuits against the National Football League into one \u201cmaster\u201d case of Multidistrict Litigation.\u00a0\u00a0\u00a0These lawsuits, from over 4,000 players, all claim tortious conduct on the part of the NFL resulting in neuro-degenerative disease and injury to professional football players.\u00a0\u00a0The NFL moved to dismiss the case on the grounds that federal labor law preempts the players\u2019 state law claims.<\/div>\n<div>\u00a0 \u00a0 \u00a0 \u00a0 This note examines the merits of these claims and defenses, and concludes that the court will likely dismiss the plaintiffs\u2019 claims.\u00a0\u00a0It details the history and recent rise in football-induced concussion litigation.\u00a0\u00a0The note then addresses the specific claims the plaintiffs made against the NFL in their master complaint and discusses the issue of federal preemption and the NFL\u2019s motion to dismiss on that basis.\u00a0\u00a0Finally, the author predicts that the trial court will grant the motion to dismiss, and discusses the future implications of the court\u2019s ruling.<\/div>\n<div>\n<ul>\n<li><em><a href=\"http:\/\/nflconcussionlitigation.com\/wp-content\/uploads\/2012\/08\/CONCUSSIONS_IN_FOOTBALL.pdf\">Concussions in Football: Addressing Uncertainty and Establishing Institutional Regulations to Protect Athletes<\/a><\/em>\u00a0by Sean Dotson<\/li>\n<\/ul>\n<\/div>\n<div><strong>About the Author<\/strong>: Sean Dotson recently graduated from Tulane Law School, graduating with the sports law certificate. He also attended Tulane for his undergraduate studies, finishing with a degree in history and minors in business and spanish. Sean has worked with Impact Sports Management, Friedman &amp; Salisbury Sports Management, and Phillips Teague Sports &amp; Entertainment. He also spent time as a law clerk in workers compensation court with the Louisiana Workforce Commission in 2011. Sean was substantially involved with the sports law program at Tulane, writing for the Sports Law Newsletter and Sports Law Weekly, serving as the secretary of the sports law society, and assisting in the production of Tulane&#8217;s Baseball Arbitration Competition.<\/div>\n<div><\/div>\n<div><strong>Summary<\/strong>: Concussions in sports, from youth sports up to the highest professional levels, have become a serious issue following the advancements in technology and neuroscience.\u00a0A concussion is an injury to the brain that results in a temporary loss of normal brain activity. Second impacts, an injury that registers before the brain is completely healed, and repeat concussions can increase the mortality rate from concussions up to 50%.\u00a0These cases go towards proving the brain is infinitely complex, and injuries affecting it must be regulated more rigorously in order to maintain the safety and welfare of players.\u00a0One issue that obstructs better legislation and guidelines concerning concussions in sports is the ongoing lack of complete comprehension of the injury.\u00a0Another problem is the US Constitution\u2019s enumeration of powers;\u00a0federal legislation providing a uniform, national standard in this area of public health would infringe upon police powers granted to the states.\u00a0Regardless of what level of football, the burden still falls to the player, coach, training staff, or family to recognize and admit a problem.\u00a0 Most football-related concussions have led to lawsuits at every level of the game that primarily come down to negligence, assumption of risk, or breach of warranty.\u00a0 To avoid concussion issues, the NFL should take a more active role in concussion legislation and head injury guidelines at all levels of the sport. Players, coaches, and other parties need to be better educated in order to combat both the risk of concussion and better manage the injury as it arises.<\/div>\n<div>\n<ul>\n<li><a href=\"http:\/\/nflconcussionlitigation.com\/wp-content\/uploads\/2012\/08\/Concussions-Paper-copy.pdf\">FOOTBALL IS TAXING ON PLAYERS\u2019 BRAINS\u2014SO WHY NOT TAX THE NFL? A SIMPLE SOLUTION TO THE HEADACHE OF CONCUSSION LITIGATION<\/a>\u00a0by Catherine Keely Dunn<\/li>\n<\/ul>\n<\/div>\n<div><strong>About the Author:\u00a0<\/strong>Catherine Keely Dunn recently graduated from the Charleston School of Law in May 2013. Catherine received a B.A. in Psychology from the University of Notre Dame in 2005 and a B.S.N. from the Medical University of South Carolina in 2007.\u00a0 During her time in law school, Catherine served as the Student Works Editor of the <i>Charleston Law Review<\/i> and was an active member of the Trial Advocacy Board, competing in several advocacy competitions. Prior to law school, Catherine worked as a pediatric nurse for three years. Catherine\u2019s nursing background, in addition to her summer clerkships in the field of health care law, led her to write a Note on informed consent with regards to human biological materials, which was published in the <i>Student Works Edition<\/i> of the <i>Charleston Law Review<\/i> in 2012.\u00a0 Catherine intends to pursue a career in health care litigation.<\/div>\n<div><\/div>\n<div><strong>Summary<\/strong>:\u00a0This Note briefly describes the stories of Willis McGahee and Mike Webster to illustrate the wide-ranging consequences of football-related concussions. Part II offers a medical overview of concussions and the long-term cognitive effects they can cause. Part III discusses the basis for the controversy surrounding concussions and football generally; Part III also specifically outlines the current lawsuit between former NFL players and the NFL and its procedural history to date. Part IV analyzes the ineffectiveness of litigation as a remedy to the concussion dispute. Finally, Part V proposes a solution to the problem of compensating NFL retirees for concussion-related neurological injuries that is favorable to both the players and the NFL. Specifically, this paper proposes that the NFL create a victim relief fund, modeled after the September 11th Victim Compensation Fund, to compensate former NFL players with football-related neurodegenerative injuries. To generate money to compose the relief fund, this paper suggests that the government strip the NFL of its tax-exempt status and create the fund from the federal tax dollars paid by the NFL. Alternatively, the government could allow the NFL to remain a tax-exempt charitable organization, but require that NFL membership dues be funneled into the relief fund rather than enriching the NFL franchise owners.<\/div>\n<ul>\n<li><em><a href=\"http:\/\/nflconcussionlitigation.com\/wp-content\/uploads\/2012\/08\/Gove.pdf\">Three and Out: The NFL&#8217;s Concussion Liability and How Players Can Tackle the Problem<\/a><\/em> by Jeremy Paul Gove<\/li>\n<\/ul>\n<p><strong>About the Author<\/strong>:\u00a0Jeremy Paul Gove is a J.D. Candidate at Vanderbilt University Law School graduating in the Spring of 2013, where he serves as\u00a0the Senior Managing Editor for the Vanderbilt Journal of Entertainment and Technology Law. \u00a0A 2010 University of Michigan graduate with B.A.s in History and Political Science, Mr. Gove is a sports enthusiast, especially for his Michigan Wolverines. \u00a0He is now serving as the legal contractor for OverDog, Inc.<\/p>\n<p><strong>Summary<\/strong>:\u00a0In 1952, the\u00a0New England Journal of Medicine\u00a0published a study stating that a player should not continue playing professional football after suffering three concussions. As players continue to get bigger, faster, and stronger, the number of concussions has increased. In response to this problem, the National Football League (NFL) commissioned a study run by scientists and NFL team doctors to determine the long-term effects of concussions. That committee determined that no long-term repercussions exist after experiencing a concussion while playing NFL football. Despite the scientific community\u2019s\u00a0critiques\u00a0of the study,\u00a0the NFL used the committee\u2019s findings to create the league\u2019s return-to-play\u00a0guidelines, as well as other player safety rules. Further cementing skepticism of the\u00a0committee\u2019s findings, in\u00a02005,\u00a0Neurosurgery\u00a0published an article\u00a0linking concussions suffered during an NFL player\u2019s career to cognitive\u00a0deterioration based on autopsy results of a former player.<\/p>\n<p>The NFL vigorously denied the\u00a0Neurosurgery\u00a0article\u2019s\u00a0conclusions and attempted to discredit the writers. The NFL continuedto use its flawed committee studies to craft league rules, despite the growing chorus in the medical community citing its flaws. Because the NFL used these findings to craft its safety rules, it exposed the players to unnecessary risk. This Note will show that the NFL acted both negligently and fraudulently towards its players, and the players should file a lawsuit in order to recover compensation for the harm that the league caused them. The players should file this suit in the\u00a0district of Minnesota in order to capitalize on the district\u2019s previous\u00a0favorable rulings for the players in the 2011 lockout dispute with the\u00a0league\u2019s owners. This Note concludes that the players should succeed\u00a0and win damages first for their pain and suffering, and second, to punish the NFL for its wrongful behavior.<\/p>\n<ul>\n<li><a href=\"http:\/\/nflconcussionlitigation.com\/wp-content\/uploads\/2012\/08\/MeyerConcussionPaper-copy.pdf\">Will the NFL Feel the Long-Term Effects of Concussions or Can it Avoid the Big Hit?<\/a>\u00a0by Rick Meyer<\/li>\n<\/ul>\n<div><strong>About the Author<\/strong>:\u00a0Rick Meyer is a rising third-year evening-division student at New York Law School. He serves as the evening-division liaison of the schools\u2019 Sports Law Society and is a co-chair for the planning and coordinating of the 4<sup>th<\/sup>Annual NYLS Sports Law Symposium. He graduated cum laude from Quinnipiac University in 2008 with degrees in Political Science and Broadcast Journalism and received his master\u2019s degree from New York University in Sports Business.<\/div>\n<div><\/div>\n<div><strong>Summary<\/strong>:\u00a0In August of 2011, the first NFL concussion related lawsuit was filed. At the time of this writing, there are nearly 90 lawsuits with approximately 2,300 plaintiffs. Many of these lawsuits have been consolidated into a \u2018Master Complaint\u2019 coalescing the players\u2019 claims against the NFL, NFL Properties, and Riddell. This paper focuses solely on the lawsuit brought against the NFL. It analyzes the allegations of the master complaint in conjunction with the preemptive force of section 301 of the LMRA. Part I provides an overview of the allegations set forth in the master complaint, examining why the plaintiffs believe their suit against the NFL should be permitted to proceed in tort. Part II lays out section 301 of the LMRA, the Supreme Court\u2019s standard for preemption, and why the NFL will likely assert it as a defense. Part III examines the relevant case law to illustrate why several cases brought against the NFL and their member clubs have been permitted to proceed in tort while others were preempted. Part IV applies the law to the allegations of the master complaint to determine whether the plaintiffs\u2019 claims can survive preemption. Finally, part V examines the NFL\u2019s potential liability if the plaintiffs proceed to trial and receive judgments in their favor.<\/div>\n<div>\n<ul>\n<li><a href=\"http:\/\/nflconcussionlitigation.com\/wp-content\/uploads\/2012\/08\/Helmet-to-Helmet-copy.pdf\">Helmet to Helmet: Riddell&#8217;s Role in the NFL&#8217;s Concussion Litigation<\/a>\u00a0by Christopher Ryan Uhle<\/li>\n<\/ul>\n<\/div>\n<div><strong>About the Author<\/strong>: Christopher Ryan Uhle is a J.D. Candidate at the Michigan State University Colleger of Law graduating in the Spring of 2013, where he serves as the President of the Italian American Legal Fellowship. Christopher graduated from Bowling Green State University in 2005 with a B.A. in Journalism. Uhle is a life long sports fan, a passion passed down from his grandfather and great grandfather, former professional baseball players. Following graduation, Uhle aspires to work in products liability law.<\/div>\n<div><\/div>\n<div><strong>Summary<\/strong>: In 2011, the first lawsuits regarding NFL Players&#8217; long term brain injuries were field. Buried behind the marquis defendant the NFL, Helmet manufacturer Riddell has been sued under numerous theories of liability. This note, using the<em>Maxwell v. NFL<\/em>\u00a0case that started is all as a case study, examines the rocky road ahead in the concussion litigation.\u00a0Included in those theories are the strict liability design, manufacturing, and failure to warn defect claims. This note analyzes those claims and identified the significant weaknesses that could ultimately result in Riddell being held not liable.<br \/>\nIn addition to analyzing the claims, the note also explores the multiple affirmative defenses Riddell is likely to pursue. These defenses include the statutes of limitations for claims, assumption of the risk, preemption, as well as comparative negligence. For the former players, getting into a court may be a victory in itself as they will have to overcome overwhelming odds to get through even the motion to dismiss portion of the current Multidistrict litigation in the Eastern District of Pennsylvania.<\/div>\n<ul>\n<li><a href=\"http:\/\/nflconcussionlitigation.com\/wp-content\/uploads\/2012\/08\/Using-Your-Head-The-Brain-Game.pdf\">Using Your Head: The Brain Game<\/a>\u00a0by Alexandra Sinatra<\/li>\n<\/ul>\n<p><strong>About the Author:\u00a0<\/strong>Alexandra Sinatra is a graduate of Texas A&amp;M University School of Law class of 2014. She graduated from the Texas A&amp;M University in 2011 with a B.B.A. in Marketing.\u00a0 Alexandra&#8217;s ultimate goal is to be General Counsel of an NBA team. She enjoys watching basketball, working out, and spending time with her family and friends, including her\u00a0lovable\u00a0pit-bull Maddox.\u00a0She is currently Associate General Counsel at Collabera, Inc.<\/p>\n<p><strong>Summary:<\/strong>\u00a0To date, there has been a constant increase in the average number of NFL concussions reported per week from the years 2009-2012.\u00a0How can this be true? The NFL has seemingly taken measures to combat NFL concussions by prohibiting face-masking (grabbing a player\u2019s helmet by the face mask), banning head-slaps, and outlawing \u201cspearing\u201d (leading with the top of the helmet when hitting or tackling another player.) Could more have been done to prevent the current NFL concussion lawsuit? These are some of the issues that I will address in this paper. The primary focus, however, will be how to negotiate with someone when there is a power imbalance. Power imbalances in negotiations cause the less powerful negotiators to walk away from the negotiating table feeling dissatisfied and angry.<\/p>\n<div>\n<ul>\n<li><i>Ebook:<\/i>\u00a0\u00a0Concussion in the National Football League: What Can We Learn ?, Weblaw (E-Book), 2013, by Alexandra Veuthey\u00a0<a href=\"http:\/\/epub.weblaw.ch\/index.php?method=info&amp;info_id=136\">http:\/\/epub.weblaw.ch\/index.php?method=info&amp;info_id=136<\/a><\/li>\n<\/ul>\n<\/div>\n<div><strong>About the Author\u00a0:\u00a0<\/strong>Alexandra Veuthey graduated from the University of Neuch\u00e2tel, Switzerland, in February 2007, and passed the bar in July 2009. During her studies, she was a research assistant for Professor Denis Oswald, and a scientific collaborator at the International Centre for Sports Studies (Centre International d\u2019Etude du Sport, CIES). After completing her legal training in 2009, she returned to work on a new research project at that institute.<\/div>\n<div>\n<p>She also served as a graduate teaching assistant and as the CIES\/FIFA Master Law Module Coordinator.\u00a0She has worked in several law firms in Switzerland (curent law firm: Reymond &amp; Associ\u00e9s, Lausanne).<\/p>\n<p>As the author of numerous published works, particularly in Sports Law, she has spoken at international conferences (France, Switzerland), and taught within the CIES\/FIFA International University Network (Senegal) and the CIES\/FIFA Master (Switzerland).<\/p>\n<p>Her international experience includes in addition the recent completion of an LL.M at the University of Melbourne.<\/p>\n<p><strong>Summary:<\/strong><\/p>\n<p>This E-book explores the thorny issue of concussion in sport from a legal point of view. The potential long-term medical complications associated with multiple concussions can potentially include, according to some experts, memory loss, impulse anger-control problems, disorientation and even dementia. The gravity of the situation is notably illustrated by American football (managed by the National Football League), where a wave of suicides among players and veterans, together with the intervention of the American Congress and the judiciary, have recently hit the headlines. Other sports, such as boxing, ice hockey, Australian Rules Football, soccer or even rugby, are also concerned to varying degrees.<\/p>\n<p>The author argues that if the NFL\u2019s management of concussion was highly open to criticism in many respects until the recent intervention of the Congress, it constitutes now ironically \u2013 despite a few shortcomings \u2013 an example for other leagues to follow. Furthermore, the NFL case has already had a beneficial impact. It has led the main sports actors, researchers and even the governments to further question players\u2019 safety. However, much remains to be done, certain leagues being currently in great difficulty tackling this issue.<\/p>\n<p><i><strong>Swiss Online Review Jusletter<\/strong>: <\/i>Quelle protection pour les athl\u00e8tes bless\u00e9s? Analyse du cas de la National Football League \u00e0 la lumi\u00e8re du droit suisse, Jusletter, 27 January 2014, by Alexandra Veuthey<\/p>\n<p><a href=\"http:\/\/www.weblaw.ch\/fr\/\">http:\/\/www.weblaw.ch\/fr\/<\/a><\/p>\n<p>This article has the same topic as the E-book mentioned above. However, it is an updated version and it is written in French. In addition, the situation is hypothetically transposed in Switzerland.<\/p>\n<\/div>\n<div><\/div>\n","protected":false},"excerpt":{"rendered":"<p>This page will highlight the works of current and former law students who have published law review notes on concussion litigation. Please contact me if you are interested in publishing your piece. NCAA Institutions and a Duty to Warn Football Student-Athletes: A Look into the Arrington v. NCAA Case\u00a0by Spencer Anderson About the Author:\u00a0Spencer Anderson [&hellip;]<\/p>\n","protected":false},"author":3,"featured_media":0,"parent":0,"menu_order":0,"comment_status":"open","ping_status":"open","template":"","meta":{"ngg_post_thumbnail":0},"jetpack_sharing_enabled":true,"_links":{"self":[{"href":"https:\/\/nflconcussionlitigation.com\/index.php?rest_route=\/wp\/v2\/pages\/1011"}],"collection":[{"href":"https:\/\/nflconcussionlitigation.com\/index.php?rest_route=\/wp\/v2\/pages"}],"about":[{"href":"https:\/\/nflconcussionlitigation.com\/index.php?rest_route=\/wp\/v2\/types\/page"}],"author":[{"embeddable":true,"href":"https:\/\/nflconcussionlitigation.com\/index.php?rest_route=\/wp\/v2\/users\/3"}],"replies":[{"embeddable":true,"href":"https:\/\/nflconcussionlitigation.com\/index.php?rest_route=%2Fwp%2Fv2%2Fcomments&post=1011"}],"version-history":[{"count":18,"href":"https:\/\/nflconcussionlitigation.com\/index.php?rest_route=\/wp\/v2\/pages\/1011\/revisions"}],"predecessor-version":[{"id":1833,"href":"https:\/\/nflconcussionlitigation.com\/index.php?rest_route=\/wp\/v2\/pages\/1011\/revisions\/1833"}],"wp:attachment":[{"href":"https:\/\/nflconcussionlitigation.com\/index.php?rest_route=%2Fwp%2Fv2%2Fmedia&parent=1011"}],"curies":[{"name":"wp","href":"https:\/\/api.w.org\/{rel}","templated":true}]}}